{"id":1995,"date":"2025-04-15T15:41:01","date_gmt":"2025-04-15T13:41:01","guid":{"rendered":"https:\/\/www.wortapotheke.at\/?page_id=1995"},"modified":"2025-07-10T20:40:40","modified_gmt":"2025-07-10T18:40:40","slug":"annette","status":"publish","type":"page","link":"https:\/\/www.wortapotheke.at\/index.php\/annette\/","title":{"rendered":"Annette"},"content":{"rendered":"\t\t<div data-elementor-type=\"wp-page\" data-elementor-id=\"1995\" class=\"elementor elementor-1995\" data-elementor-post-type=\"page\">\n\t\t\t\t<div class=\"elementor-element elementor-element-2dca2c4 e-con-full e-flex e-con e-parent\" data-id=\"2dca2c4\" data-element_type=\"container\" data-e-type=\"container\" data-settings=\"{&quot;background_background&quot;:&quot;classic&quot;,&quot;sticky&quot;:&quot;top&quot;,&quot;sticky_on&quot;:[&quot;desktop&quot;,&quot;tablet_extra&quot;,&quot;tablet&quot;,&quot;mobile_extra&quot;,&quot;mobile&quot;],&quot;sticky_offset&quot;:0,&quot;sticky_effects_offset&quot;:0,&quot;sticky_anchor_link_offset&quot;:0}\">\n\t\t\t\t<div class=\"elementor-element elementor-element-ac66a2a elementor-widget-mobile__width-initial elementor-widget elementor-widget-image\" data-id=\"ac66a2a\" data-element_type=\"widget\" data-e-type=\"widget\" data-widget_type=\"image.default\">\n\t\t\t\t<div class=\"elementor-widget-container\">\n\t\t\t\t\t\t\t\t\t\t\t\t\t\t\t\t<a href=\"https:\/\/www.wortapotheke.at\">\n\t\t\t\t\t\t\t<img decoding=\"async\" width=\"300\" height=\"93\" src=\"https:\/\/www.wortapotheke.at\/wp-content\/uploads\/2024\/11\/WORT.APOTHEKE_Komplett-300x93.png\" class=\"attachment-medium size-medium wp-image-31\" alt=\"\" srcset=\"https:\/\/www.wortapotheke.at\/wp-content\/uploads\/2024\/11\/WORT.APOTHEKE_Komplett-300x93.png 300w, https:\/\/www.wortapotheke.at\/wp-content\/uploads\/2024\/11\/WORT.APOTHEKE_Komplett-768x239.png 768w, https:\/\/www.wortapotheke.at\/wp-content\/uploads\/2024\/11\/WORT.APOTHEKE_Komplett.png 859w\" sizes=\"(max-width: 300px) 100vw, 300px\" \/>\t\t\t\t\t\t\t\t<\/a>\n\t\t\t\t\t\t\t\t\t\t\t\t\t\t\t<\/div>\n\t\t\t\t<\/div>\n\t\t\t\t<div class=\"elementor-element elementor-element-418b051 elementor-nav-menu__text-align-center elementor-nav-menu--dropdown-mobile_extra elementor-nav-menu--stretch elementor-nav-menu--toggle elementor-nav-menu--burger elementor-widget elementor-widget-nav-menu\" data-id=\"418b051\" data-element_type=\"widget\" data-e-type=\"widget\" data-settings=\"{&quot;full_width&quot;:&quot;stretch&quot;,&quot;layout&quot;:&quot;horizontal&quot;,&quot;submenu_icon&quot;:{&quot;value&quot;:&quot;&lt;svg aria-hidden=\\&quot;true\\&quot; class=\\&quot;e-font-icon-svg e-fas-caret-down\\&quot; viewBox=\\&quot;0 0 320 512\\&quot; xmlns=\\&quot;http:\\\/\\\/www.w3.org\\\/2000\\\/svg\\&quot;&gt;&lt;path d=\\&quot;M31.3 192h257.3c17.8 0 26.7 21.5 14.1 34.1L174.1 354.8c-7.8 7.8-20.5 7.8-28.3 0L17.2 226.1C4.6 213.5 13.5 192 31.3 192z\\&quot;&gt;&lt;\\\/path&gt;&lt;\\\/svg&gt;&quot;,&quot;library&quot;:&quot;fa-solid&quot;},&quot;toggle&quot;:&quot;burger&quot;}\" data-widget_type=\"nav-menu.default\">\n\t\t\t\t<div class=\"elementor-widget-container\">\n\t\t\t\t\t\t\t\t<nav aria-label=\"WA-Menue\" class=\"elementor-nav-menu--main elementor-nav-menu__container elementor-nav-menu--layout-horizontal e--pointer-underline e--animation-fade\">\n\t\t\t\t<ul id=\"menu-1-418b051\" class=\"elementor-nav-menu\"><li class=\"menu-item menu-item-type-post_type menu-item-object-page menu-item-home menu-item-253\"><a href=\"https:\/\/www.wortapotheke.at\/\" class=\"elementor-item\">START<\/a><\/li>\n<li class=\"menu-item menu-item-type-custom menu-item-object-custom menu-item-846\"><a href=\"https:\/\/wortapotheke.at\/#news\" class=\"elementor-item elementor-item-anchor\">TERMINE<\/a><\/li>\n<li class=\"menu-item menu-item-type-post_type menu-item-object-page menu-item-has-children menu-item-1836\"><a href=\"https:\/\/www.wortapotheke.at\/index.php\/literacy\/\" class=\"elementor-item\">\u00dcber uns<\/a>\n<ul class=\"sub-menu elementor-nav-menu--dropdown\">\n\t<li class=\"menu-item menu-item-type-custom menu-item-object-custom menu-item-2067\"><a href=\"https:\/\/www.wortapotheke.at\/index.php\/literacy\/\" class=\"elementor-sub-item\">zentrum.literacy<\/a><\/li>\n\t<li class=\"menu-item menu-item-type-post_type menu-item-object-page menu-item-2008\"><a href=\"https:\/\/www.wortapotheke.at\/index.php\/annette\/\" class=\"elementor-sub-item\">Annette<\/a><\/li>\n\t<li class=\"menu-item menu-item-type-custom menu-item-object-custom menu-item-2065\"><a href=\"https:\/\/brigitte-weninger.at\" class=\"elementor-sub-item\">Brigitte<\/a><\/li>\n\t<li class=\"menu-item menu-item-type-custom menu-item-object-custom menu-item-2066\"><a href=\"#\" class=\"elementor-sub-item elementor-item-anchor\">Tom folgt<\/a><\/li>\n<\/ul>\n<\/li>\n<li class=\"menu-item menu-item-type-custom menu-item-object-custom menu-item-1898\"><a href=\"https:\/\/www.wortapotheke.at\/index.php\/events\/\" class=\"elementor-item\">ARCHIV<\/a><\/li>\n<\/ul>\t\t\t<\/nav>\n\t\t\t\t\t<div class=\"elementor-menu-toggle\" role=\"button\" tabindex=\"0\" aria-label=\"Men\u00fc Umschalter\" aria-expanded=\"false\">\n\t\t\t<svg aria-hidden=\"true\" role=\"presentation\" class=\"elementor-menu-toggle__icon--open e-font-icon-svg e-eicon-menu-bar\" viewBox=\"0 0 1000 1000\" xmlns=\"http:\/\/www.w3.org\/2000\/svg\"><path d=\"M104 333H896C929 333 958 304 958 271S929 208 896 208H104C71 208 42 237 42 271S71 333 104 333ZM104 583H896C929 583 958 554 958 521S929 458 896 458H104C71 458 42 487 42 521S71 583 104 583ZM104 833H896C929 833 958 804 958 771S929 708 896 708H104C71 708 42 737 42 771S71 833 104 833Z\"><\/path><\/svg><svg aria-hidden=\"true\" role=\"presentation\" class=\"elementor-menu-toggle__icon--close e-font-icon-svg e-eicon-close\" viewBox=\"0 0 1000 1000\" xmlns=\"http:\/\/www.w3.org\/2000\/svg\"><path d=\"M742 167L500 408 258 167C246 154 233 150 217 150 196 150 179 158 167 167 154 179 150 196 150 212 150 229 154 242 171 254L408 500 167 742C138 771 138 800 167 829 196 858 225 858 254 829L496 587 738 829C750 842 767 846 783 846 800 846 817 842 829 829 842 817 846 804 846 783 846 767 842 750 829 737L588 500 833 258C863 229 863 200 833 171 804 137 775 137 742 167Z\"><\/path><\/svg>\t\t<\/div>\n\t\t\t\t\t<nav class=\"elementor-nav-menu--dropdown elementor-nav-menu__container\" aria-hidden=\"true\">\n\t\t\t\t<ul id=\"menu-2-418b051\" class=\"elementor-nav-menu\"><li class=\"menu-item menu-item-type-post_type menu-item-object-page menu-item-home menu-item-253\"><a href=\"https:\/\/www.wortapotheke.at\/\" class=\"elementor-item\" tabindex=\"-1\">START<\/a><\/li>\n<li class=\"menu-item menu-item-type-custom menu-item-object-custom menu-item-846\"><a href=\"https:\/\/wortapotheke.at\/#news\" class=\"elementor-item elementor-item-anchor\" tabindex=\"-1\">TERMINE<\/a><\/li>\n<li class=\"menu-item menu-item-type-post_type menu-item-object-page menu-item-has-children menu-item-1836\"><a href=\"https:\/\/www.wortapotheke.at\/index.php\/literacy\/\" class=\"elementor-item\" tabindex=\"-1\">\u00dcber uns<\/a>\n<ul class=\"sub-menu elementor-nav-menu--dropdown\">\n\t<li class=\"menu-item menu-item-type-custom menu-item-object-custom menu-item-2067\"><a href=\"https:\/\/www.wortapotheke.at\/index.php\/literacy\/\" class=\"elementor-sub-item\" tabindex=\"-1\">zentrum.literacy<\/a><\/li>\n\t<li class=\"menu-item menu-item-type-post_type menu-item-object-page menu-item-2008\"><a href=\"https:\/\/www.wortapotheke.at\/index.php\/annette\/\" class=\"elementor-sub-item\" tabindex=\"-1\">Annette<\/a><\/li>\n\t<li class=\"menu-item menu-item-type-custom menu-item-object-custom menu-item-2065\"><a href=\"https:\/\/brigitte-weninger.at\" class=\"elementor-sub-item\" tabindex=\"-1\">Brigitte<\/a><\/li>\n\t<li class=\"menu-item menu-item-type-custom menu-item-object-custom menu-item-2066\"><a href=\"#\" class=\"elementor-sub-item elementor-item-anchor\" tabindex=\"-1\">Tom folgt<\/a><\/li>\n<\/ul>\n<\/li>\n<li class=\"menu-item menu-item-type-custom menu-item-object-custom menu-item-1898\"><a href=\"https:\/\/www.wortapotheke.at\/index.php\/events\/\" class=\"elementor-item\" tabindex=\"-1\">ARCHIV<\/a><\/li>\n<\/ul>\t\t\t<\/nav>\n\t\t\t\t\t\t<\/div>\n\t\t\t\t<\/div>\n\t\t\t\t<\/div>\n\t\t<div class=\"elementor-element elementor-element-15c054d8 e-flex e-con-boxed e-con e-parent\" data-id=\"15c054d8\" data-element_type=\"container\" data-e-type=\"container\" data-settings=\"{&quot;background_background&quot;:&quot;classic&quot;}\">\n\t\t\t\t\t<div class=\"e-con-inner\">\n\t\t\t\t<div class=\"elementor-element elementor-element-1514931d elementor-widget elementor-widget-heading\" data-id=\"1514931d\" data-element_type=\"widget\" data-e-type=\"widget\" data-widget_type=\"heading.default\">\n\t\t\t\t<div class=\"elementor-widget-container\">\n\t\t\t\t\t<h2 class=\"elementor-heading-title elementor-size-default\">Annette Wachinger<\/h2>\t\t\t\t<\/div>\n\t\t\t\t<\/div>\n\t\t\t\t<div class=\"elementor-element elementor-element-4030d515 elementor-widget elementor-widget-heading\" data-id=\"4030d515\" data-element_type=\"widget\" data-e-type=\"widget\" data-widget_type=\"heading.default\">\n\t\t\t\t<div class=\"elementor-widget-container\">\n\t\t\t\t\t<h3 class=\"elementor-heading-title elementor-size-default\">Geschichtenliebhaberin- Fantasie-Reiseleiterin und Wort-Apothekerin\u00ae<\/h3>\t\t\t\t<\/div>\n\t\t\t\t<\/div>\n\t\t\t\t\t<\/div>\n\t\t\t\t<\/div>\n\t\t<div class=\"elementor-element elementor-element-9a8c71e e-flex e-con-boxed e-con e-parent\" data-id=\"9a8c71e\" data-element_type=\"container\" data-e-type=\"container\" data-settings=\"{&quot;background_background&quot;:&quot;classic&quot;}\">\n\t\t\t\t\t<div class=\"e-con-inner\">\n\t\t<div class=\"elementor-element elementor-element-50373cb e-con-full e-flex e-con e-child\" data-id=\"50373cb\" data-element_type=\"container\" data-e-type=\"container\">\n\t\t\t\t<div class=\"elementor-element elementor-element-baedc7d elementor-invisible elementor-widget elementor-widget-image\" data-id=\"baedc7d\" data-element_type=\"widget\" data-e-type=\"widget\" data-settings=\"{&quot;_animation&quot;:&quot;rotateInUpLeft&quot;}\" data-widget_type=\"image.default\">\n\t\t\t\t<div class=\"elementor-widget-container\">\n\t\t\t\t\t\t\t\t\t\t\t\t\t\t\t\t<a href=\"https:\/\/www.wortapotheke.at\/wp-content\/uploads\/2025\/04\/Bildschirmfoto-2025-04-03-um-10.12.34.jpg\" data-elementor-open-lightbox=\"yes\" data-elementor-lightbox-title=\"Screenshot\" data-e-action-hash=\"#elementor-action%3Aaction%3Dlightbox%26settings%3DeyJpZCI6MTk3OSwidXJsIjoiaHR0cHM6XC9cL3d3dy53b3J0YXBvdGhla2UuYXRcL3dwLWNvbnRlbnRcL3VwbG9hZHNcLzIwMjVcLzA0XC9CaWxkc2NoaXJtZm90by0yMDI1LTA0LTAzLXVtLTEwLjEyLjM0LmpwZyJ9\">\n\t\t\t\t\t\t\t<img decoding=\"async\" src=\"https:\/\/www.wortapotheke.at\/wp-content\/uploads\/elementor\/thumbs\/Bildschirmfoto-2025-04-03-um-10.12.34-r3t1dpbdnfwgfe1wngy0avli8kmb4o67w6w2yaoexs.jpg\" title=\"Screenshot\" alt=\"Screenshot\" loading=\"lazy\" \/>\t\t\t\t\t\t\t\t<\/a>\n\t\t\t\t\t\t\t\t\t\t\t\t\t\t\t<\/div>\n\t\t\t\t<\/div>\n\t\t\t\t<\/div>\n\t\t<div class=\"elementor-element elementor-element-a50d09a e-con-full e-flex e-con e-child\" data-id=\"a50d09a\" data-element_type=\"container\" data-e-type=\"container\">\n\t\t\t\t<div class=\"elementor-element elementor-element-01e1f00 elementor-widget elementor-widget-text-editor\" data-id=\"01e1f00\" data-element_type=\"widget\" data-e-type=\"widget\" data-widget_type=\"text-editor.default\">\n\t\t\t\t<div class=\"elementor-widget-container\">\n\t\t\t\t\t\t\t\t\t<p><span style=\"color: #ffffff;\">Schon als Kind wollte ich als Kapit\u00e4nin \u00fcber die Weltmeere segeln \u2013 das hat zwar nicht geklappt, aber im Reich der Fantasie ist alles m\u00f6glich. Genau dort bin ich heute auch unterwegs: Ich lese vor, lasse Geschichten lebendig werden, gestalte und schreibe mit Begeisterung.<\/span><\/p><h4>\u00a0<\/h4><h4><span style=\"color: #ffffff;\"><strong>Ein paar Stationen auf meiner Reise<\/strong><\/span><\/h4><ul><li><span style=\"color: #ffffff;\">1964 in Rosenheim geboren, seit 2007 lebe ich in Tirol.<\/span><\/li><li><span style=\"color: #ffffff;\">Ein kleiner Umweg f\u00fchrte mich \u00fcber die Krankenpflege zu meinem Traumberuf Erzieherin. <\/span><\/li><li><span style=\"color: #ffffff;\">Zahlreiche Zusatzausbildungen im Bereich Literaturvermittlung, Bibliothekswesen, musikalische Fr\u00fchf\u00f6rderung und Naturp\u00e4dagogik.<\/span><\/li><li><span style=\"color: #ffffff;\">Bis 2005 habe ich mit Herz und Seele im Kindergarten gearbeitet.<\/span><\/li><li><span style=\"color: #ffffff;\">Seitdem bin ich freiberuflich unterwegs \u2013 als Referentin, Seminarleiterin und Expertin f\u00fcr Sprach- und Lesef\u00f6rderung bei Kindern. <\/span><\/li><li><span style=\"color: #ffffff;\">Von 2015 bis 2024 leitete ich die Gemeindeb\u00fccherei Walchsee in Tirol.<\/span><\/li><li><span style=\"color: #ffffff;\">Seit 10 Jahren liegt mir mein Projekt \u201eLese.Zwerge \u2013 spielend Geschichten erleben\u201c besonders am Herzen. Hier nehme ich Kleinkinder ab 1 Jahr mit auf die Reise durch die magische Welt der B\u00fccher. <\/span><\/li><li><span style=\"color: #ffffff;\">Seit 2015 arbeite ich mit Brigitte Weninger und Tom W. Lessmore in der Wort. Apotheke\u00ae. Nun sprudeln die Ideen im Trio.<\/span><\/li><li><span style=\"color: #ffffff;\">Ob MINTasie\u00ae Forscherlesungen, Lese.Zwerge, \u201eWilde\u201c Schreib-, Comic-, Trickfilm-Workshops \u2013 gemeinsam macht alles einfach noch mehr Spa\u00df!<\/span><\/li><li><span style=\"color: #ffffff;\">Bei meinen Veranstaltungen pr\u00e4sentiere ich gerne meine eigenen Geschichten, Lieder und Gedichte \u2013 und 2026 erscheint mein erstes Bilderbuch (TYROLIA Verlag)<\/span><\/li><\/ul><h2>\u00a0<\/h2><h3><span style=\"color: #ffffff;\"><strong>MEINE VERANSTALTUNGEN<\/strong><\/span><\/h3><h5><span style=\"color: #ffffff;\"><img fetchpriority=\"high\" decoding=\"async\" class=\"aligncenter wp-image-2028 size-full\" src=\"https:\/\/www.wortapotheke.at\/wp-content\/uploads\/2025\/04\/Vorlesen_2.jpg\" alt=\"\" width=\"768\" height=\"1024\" srcset=\"https:\/\/www.wortapotheke.at\/wp-content\/uploads\/2025\/04\/Vorlesen_2.jpg 768w, https:\/\/www.wortapotheke.at\/wp-content\/uploads\/2025\/04\/Vorlesen_2-225x300.jpg 225w\" sizes=\"(max-width: 768px) 100vw, 768px\" \/><\/span><br \/><span style=\"color: #ffffff;\">Lese.Zwerge \u2013 Geschichten erleben\u2028<\/span><\/h5><p><span style=\"color: #ffffff;\">Schon die Kleinsten lieben spannende und fantasievolle Geschichten. Gemeinsam tauchen wir spielerisch und mit allen Sinnen in die Welt der B\u00fccher ein. Unter dem Motto: \u201eH\u00fcpfen, Tanzen, Singen \u2013 so bringen wir Geschichten zum Klingen!\u201c machen wir uns auf eine abwechslungsreiche Reise. Mal quirlig und laut, mal ruhig und gem\u00fctlich, aber immer voller \u00dcberraschungen. Jede Vorlesestunde wird zum besonderen Erlebnis!<\/span><\/p><h5><span style=\"color: #ffffff;\">Familienlesungen &#8211; Freude an Literatur wecken <\/span><\/h5><p><span style=\"color: #ffffff;\">Ich liebe es, Kinder und Erwachsene gleichzeitig f\u00fcr die Welt der Literatur zu begeistern. Gemeinsam lauschen wir spannenden Geschichten, lachen \u00fcber unerwartete Wendungen und tauchen staunend in B\u00fccherwelten ein. Dabei entstehen oft Momente, die nicht nur unterhalten, sondern auch zum Nachdenken anregen. Mein Ziel ist es, Neugier und Lust auf noch mehr Geschichten zu wecken. Literatur verbindet Generationen.<\/span><\/p><h5><span style=\"color: #ffffff;\"><img decoding=\"async\" class=\"aligncenter wp-image-2026 size-full\" src=\"https:\/\/www.wortapotheke.at\/wp-content\/uploads\/2025\/04\/Farbenforscher_3.jpg\" alt=\"\" width=\"2176\" height=\"1632\" srcset=\"https:\/\/www.wortapotheke.at\/wp-content\/uploads\/2025\/04\/Farbenforscher_3.jpg 2176w, https:\/\/www.wortapotheke.at\/wp-content\/uploads\/2025\/04\/Farbenforscher_3-300x225.jpg 300w, https:\/\/www.wortapotheke.at\/wp-content\/uploads\/2025\/04\/Farbenforscher_3-1024x768.jpg 1024w, https:\/\/www.wortapotheke.at\/wp-content\/uploads\/2025\/04\/Farbenforscher_3-768x576.jpg 768w, https:\/\/www.wortapotheke.at\/wp-content\/uploads\/2025\/04\/Farbenforscher_3-1536x1152.jpg 1536w, https:\/\/www.wortapotheke.at\/wp-content\/uploads\/2025\/04\/Farbenforscher_3-2048x1536.jpg 2048w\" sizes=\"(max-width: 2176px) 100vw, 2176px\" \/><\/span><br \/><span style=\"color: #ffffff;\">MINTasie\u00ae \u2013 Spielerisch die Welt erforschen <\/span><\/h5><p><span style=\"color: #ffffff;\">K\u00f6nnen W\u00fcrstchen eigentlich Strom leiten? Was passiert, wenn eine Windel ins Abflussrohr gelangt? Warum sind viel allt\u00e4glichen Dinge so faszinierend, wenn wir genauer hinschauen? <\/span><\/p><p><span style=\"color: #ffffff;\">Mit MINTasie\u00ae tauchen kleine Forscherinnen und Forscher auf spielerische Weise in die Welt der Wissenschaft ein. Gemeinsam entdecken wir spannende Ph\u00e4nomene aus den Bereichen Mathematik, Informatik, Naturwissenschaften und Technik und verkn\u00fcpfen sie mit Fantasie = MINTasie\u00ae Beim Experimentieren, T\u00fcfteln und Staunen wird jedes Kind zum Entdecker und erlebt, wie viel Spa\u00df Wissenschaft machen kann. Die Freude am eigenen Ausprobieren und die Faszination f\u00fcr die Naturgesetze stehen dabei immer im Mittelpunkt.<\/span><\/p><h4><span style=\"color: #ffffff;\"><img loading=\"lazy\" decoding=\"async\" class=\"aligncenter wp-image-2025 size-full\" src=\"https:\/\/www.wortapotheke.at\/wp-content\/uploads\/2025\/04\/Vorlesen_5-scaled.jpg\" alt=\"\" width=\"2560\" height=\"2042\" srcset=\"https:\/\/www.wortapotheke.at\/wp-content\/uploads\/2025\/04\/Vorlesen_5-scaled.jpg 2560w, https:\/\/www.wortapotheke.at\/wp-content\/uploads\/2025\/04\/Vorlesen_5-300x239.jpg 300w, https:\/\/www.wortapotheke.at\/wp-content\/uploads\/2025\/04\/Vorlesen_5-1024x817.jpg 1024w, https:\/\/www.wortapotheke.at\/wp-content\/uploads\/2025\/04\/Vorlesen_5-768x613.jpg 768w, https:\/\/www.wortapotheke.at\/wp-content\/uploads\/2025\/04\/Vorlesen_5-1536x1225.jpg 1536w, https:\/\/www.wortapotheke.at\/wp-content\/uploads\/2025\/04\/Vorlesen_5-2048x1634.jpg 2048w\" sizes=\"(max-width: 2560px) 100vw, 2560px\" \/><\/span><br \/><span style=\"color: #ffffff;\">Workshops f\u00fcr Erwachsene <\/span><\/h4><p><span style=\"color: #ffffff;\">Ob P\u00e4dagogInnen, Eltern, BibliothekarInnen oder VorleserInnen \u2013 in meinen Aus- und Fortbildungsworkshops teile ich meine Erfahrungen und kreativen Ideen gern mit allen, die Spa\u00df an der Literaturvermittlung haben.<\/span><\/p><p><span style=\"color: #ffffff;\"><img loading=\"lazy\" decoding=\"async\" class=\"alignnone wp-image-2047 size-full\" src=\"https:\/\/www.wortapotheke.at\/wp-content\/uploads\/2025\/04\/Lesezeichen_Neu.png\" alt=\"\" width=\"897\" height=\"744\" srcset=\"https:\/\/www.wortapotheke.at\/wp-content\/uploads\/2025\/04\/Lesezeichen_Neu.png 897w, https:\/\/www.wortapotheke.at\/wp-content\/uploads\/2025\/04\/Lesezeichen_Neu-300x249.png 300w, https:\/\/www.wortapotheke.at\/wp-content\/uploads\/2025\/04\/Lesezeichen_Neu-768x637.png 768w\" sizes=\"(max-width: 897px) 100vw, 897px\" \/><\/span><\/p>\t\t\t\t\t\t\t\t<\/div>\n\t\t\t\t<\/div>\n\t\t\t\t<\/div>\n\t\t\t\t\t<\/div>\n\t\t\t\t<\/div>\n\t\t<div class=\"elementor-element elementor-element-77506315 e-con-full e-flex e-con e-parent\" data-id=\"77506315\" data-element_type=\"container\" data-e-type=\"container\" data-settings=\"{&quot;background_background&quot;:&quot;classic&quot;}\">\n\t\t<div class=\"elementor-element elementor-element-24ceae7e e-con-full e-flex e-con e-child\" data-id=\"24ceae7e\" data-element_type=\"container\" data-e-type=\"container\">\n\t\t<div class=\"elementor-element elementor-element-2555d074 e-con-full e-flex e-con e-child\" data-id=\"2555d074\" data-element_type=\"container\" data-e-type=\"container\">\n\t\t\t\t<div class=\"elementor-element elementor-element-4403597 elementor-widget elementor-widget-text-editor\" data-id=\"4403597\" data-element_type=\"widget\" data-e-type=\"widget\" data-widget_type=\"text-editor.default\">\n\t\t\t\t<div class=\"elementor-widget-container\">\n\t\t\t\t\t\t\t\t\t<p>Annette Wachinger<br \/>Hochberg 8c &#8211; 6344 Walchsee<\/p>\t\t\t\t\t\t\t\t<\/div>\n\t\t\t\t<\/div>\n\t\t\t\t<\/div>\n\t\t\t\t<\/div>\n\t\t<div class=\"elementor-element elementor-element-3d18f9c4 e-con-full e-flex e-con e-child\" data-id=\"3d18f9c4\" data-element_type=\"container\" data-e-type=\"container\">\n\t\t<div class=\"elementor-element elementor-element-5650dec e-con-full e-flex e-con e-child\" data-id=\"5650dec\" data-element_type=\"container\" data-e-type=\"container\">\n\t\t\t\t<div class=\"elementor-element elementor-element-73c6533e elementor-widget elementor-widget-text-editor\" data-id=\"73c6533e\" data-element_type=\"widget\" data-e-type=\"widget\" data-widget_type=\"text-editor.default\">\n\t\t\t\t<div class=\"elementor-widget-container\">\n\t\t\t\t\t\t\t\t\t<p>Tel.: +43 699 19049904<br \/><a href=\"mailto:annette.wachinger@gmx.at\">annette.wachinger@gmx.at<\/a><\/p>\t\t\t\t\t\t\t\t<\/div>\n\t\t\t\t<\/div>\n\t\t\t\t<\/div>\n\t\t\t\t<\/div>\n\t\t<div class=\"elementor-element elementor-element-459c1c7d e-con-full e-flex e-con e-child\" data-id=\"459c1c7d\" data-element_type=\"container\" data-e-type=\"container\">\n\t\t<div class=\"elementor-element elementor-element-97cdcc9 e-con-full e-flex e-con e-child\" data-id=\"97cdcc9\" data-element_type=\"container\" data-e-type=\"container\">\n\t\t\t\t<div class=\"elementor-element elementor-element-29ebf157 elementor-shape-square elementor-grid-0 e-grid-align-center elementor-widget elementor-widget-social-icons\" data-id=\"29ebf157\" data-element_type=\"widget\" data-e-type=\"widget\" data-widget_type=\"social-icons.default\">\n\t\t\t\t<div class=\"elementor-widget-container\">\n\t\t\t\t\t\t\t<div class=\"elementor-social-icons-wrapper elementor-grid\" role=\"list\">\n\t\t\t\t\t\t\t<span class=\"elementor-grid-item\" role=\"listitem\">\n\t\t\t\t\t<a class=\"elementor-icon elementor-social-icon elementor-social-icon-facebook-f elementor-repeater-item-fac13cb\" href=\"https:\/\/www.facebook.com\/ann.ette.543908\" target=\"_blank\">\n\t\t\t\t\t\t<span class=\"elementor-screen-only\">Facebook-f<\/span>\n\t\t\t\t\t\t<svg aria-hidden=\"true\" class=\"e-font-icon-svg e-fab-facebook-f\" viewBox=\"0 0 320 512\" xmlns=\"http:\/\/www.w3.org\/2000\/svg\"><path d=\"M279.14 288l14.22-92.66h-88.91v-60.13c0-25.35 12.42-50.06 52.24-50.06h40.42V6.26S260.43 0 225.36 0c-73.22 0-121.08 44.38-121.08 124.72v70.62H22.89V288h81.39v224h100.17V288z\"><\/path><\/svg>\t\t\t\t\t<\/a>\n\t\t\t\t<\/span>\n\t\t\t\t\t\t\t<span class=\"elementor-grid-item\" role=\"listitem\">\n\t\t\t\t\t<a class=\"elementor-icon elementor-social-icon elementor-social-icon-instagram elementor-repeater-item-647cf80\" href=\"https:\/\/www.instagram.com\/awachinger\/\" target=\"_blank\">\n\t\t\t\t\t\t<span class=\"elementor-screen-only\">Instagram<\/span>\n\t\t\t\t\t\t<svg aria-hidden=\"true\" class=\"e-font-icon-svg e-fab-instagram\" viewBox=\"0 0 448 512\" xmlns=\"http:\/\/www.w3.org\/2000\/svg\"><path d=\"M224.1 141c-63.6 0-114.9 51.3-114.9 114.9s51.3 114.9 114.9 114.9S339 319.5 339 255.9 287.7 141 224.1 141zm0 189.6c-41.1 0-74.7-33.5-74.7-74.7s33.5-74.7 74.7-74.7 74.7 33.5 74.7 74.7-33.6 74.7-74.7 74.7zm146.4-194.3c0 14.9-12 26.8-26.8 26.8-14.9 0-26.8-12-26.8-26.8s12-26.8 26.8-26.8 26.8 12 26.8 26.8zm76.1 27.2c-1.7-35.9-9.9-67.7-36.2-93.9-26.2-26.2-58-34.4-93.9-36.2-37-2.1-147.9-2.1-184.9 0-35.8 1.7-67.6 9.9-93.9 36.1s-34.4 58-36.2 93.9c-2.1 37-2.1 147.9 0 184.9 1.7 35.9 9.9 67.7 36.2 93.9s58 34.4 93.9 36.2c37 2.1 147.9 2.1 184.9 0 35.9-1.7 67.7-9.9 93.9-36.2 26.2-26.2 34.4-58 36.2-93.9 2.1-37 2.1-147.8 0-184.8zM398.8 388c-7.8 19.6-22.9 34.7-42.6 42.6-29.5 11.7-99.5 9-132.1 9s-102.7 2.6-132.1-9c-19.6-7.8-34.7-22.9-42.6-42.6-11.7-29.5-9-99.5-9-132.1s-2.6-102.7 9-132.1c7.8-19.6 22.9-34.7 42.6-42.6 29.5-11.7 99.5-9 132.1-9s102.7-2.6 132.1 9c19.6 7.8 34.7 22.9 42.6 42.6 11.7 29.5 9 99.5 9 132.1s2.7 102.7-9 132.1z\"><\/path><\/svg>\t\t\t\t\t<\/a>\n\t\t\t\t<\/span>\n\t\t\t\t\t<\/div>\n\t\t\t\t\t\t<\/div>\n\t\t\t\t<\/div>\n\t\t\t\t<\/div>\n\t\t\t\t<\/div>\n\t\t\t\t<\/div>\n\t\t\t\t<\/div>\n\t\t","protected":false},"excerpt":{"rendered":"<p>Annette Wachinger Geschichtenliebhaberin- Fantasie-Reiseleiterin und Wort-Apothekerin\u00ae Schon als Kind wollte ich als Kapit\u00e4nin \u00fcber die Weltmeere segeln \u2013 das hat zwar nicht geklappt, aber im Reich der Fantasie ist alles [&hellip;]<\/p>\n","protected":false},"author":1,"featured_media":0,"parent":0,"menu_order":0,"comment_status":"closed","ping_status":"closed","template":"","meta":{"footnotes":""},"class_list":["post-1995","page","type-page","status-publish","hentry"],"_links":{"self":[{"href":"https:\/\/www.wortapotheke.at\/index.php\/wp-json\/wp\/v2\/pages\/1995","targetHints":{"allow":["GET"]}}],"collection":[{"href":"https:\/\/www.wortapotheke.at\/index.php\/wp-json\/wp\/v2\/pages"}],"about":[{"href":"https:\/\/www.wortapotheke.at\/index.php\/wp-json\/wp\/v2\/types\/page"}],"author":[{"embeddable":true,"href":"https:\/\/www.wortapotheke.at\/index.php\/wp-json\/wp\/v2\/users\/1"}],"replies":[{"embeddable":true,"href":"https:\/\/www.wortapotheke.at\/index.php\/wp-json\/wp\/v2\/comments?post=1995"}],"version-history":[{"count":52,"href":"https:\/\/www.wortapotheke.at\/index.php\/wp-json\/wp\/v2\/pages\/1995\/revisions"}],"predecessor-version":[{"id":2075,"href":"https:\/\/www.wortapotheke.at\/index.php\/wp-json\/wp\/v2\/pages\/1995\/revisions\/2075"}],"wp:attachment":[{"href":"https:\/\/www.wortapotheke.at\/index.php\/wp-json\/wp\/v2\/media?parent=1995"}],"curies":[{"name":"wp","href":"https:\/\/api.w.org\/{rel}","templated":true}]}}